{"id":100,"date":"2018-05-06T11:30:45","date_gmt":"2018-05-06T09:30:45","guid":{"rendered":"http:\/\/nfg-sendenhorst.de\/?page_id=100"},"modified":"2025-03-05T19:18:33","modified_gmt":"2025-03-05T17:18:33","slug":"hof-schmetkamp","status":"publish","type":"page","link":"https:\/\/nfg-sendenhorst.de\/?page_id=100","title":{"rendered":"Hof Schmetkamp"},"content":{"rendered":"<p>Hof Schmetkamp<\/p>\n<p>f\u00fcr die \u00dcbersichtskarte Hof Schmetkamp mit Sch\u00fctzen-B\u00fcrgerwald bitte <a href=\"https:\/\/nfg-sendenhorst.de\/?rl_gallery=808\">hier anklicken \u00a0<\/a><\/p>\n<p>Das Gel\u00e4nde rund um den ehemaligen Bauernhof der Familie Schmetkamp ist nach einem Konzept, das ab 1993 im Rahmen einer Arbeitsgemeinschaft der NFG\u00a0 in Zusammenarbeit mit der Stadtverwaltung und dem Biologen Christoph Laumann entwickelt worden ist, gestaltet worden. Der Rat der Stadt Sendenhorst hat dem Konzept 1995 zugestimmt. Das Gel\u00e4nde Hof Schmetkamp mit Sch\u00fctzen- und B\u00fcrgerwald ist ab diesem Zeitpunkt zu einem naturnah angelegten Bereich am s\u00fcd\u00f6stlichen Stadtrand von Sendenhorst umgestaltet worden. Es liegt kurz nach dem Ortsausgang Richtung Ahlen, links am Ahlener Damm.<\/p>\n<p>Neben der alten Scheune umfasst das Gel\u00e4nde vielf\u00e4ltige Biotope. Begrenzt wird es durch den renaturierten Ostheidebach mit angrenzender Brachlandschaft und dem Sch\u00fctzen- und B\u00fcrgerwald, der seit 1989 vom Allgemeinen Sch\u00fctzenverein St. Martinus 1864 e.V.\u00a0 betreut und durch <a href=\"https:\/\/www.schuetzenfest-sendenhorst.de\/schuetzenwald\/baum-spenden.html\" target=\"_blank\" rel=\"noopener\">Baumspenden<\/a> der Sendenhorster B\u00fcrgerinnen und B\u00fcrger kontinuierlich erg\u00e4nzt wird.<\/p>\n<p>Folgende Biotope sind vorhanden:<\/p>\n<ul>\n<li>Obstbaumallee mit alten Obstsorten<\/li>\n<li>Brache links der Obstbaumallee<\/li>\n<li>Weide<\/li>\n<li>Wiese mit feuchter Senke<\/li>\n<li>Magerwiese<\/li>\n<li>Wiese mit Obstb\u00e4umen, die manchmal mit Schafen und Ziegen beweidet wird<\/li>\n<li>renaturierter Ostheidebach<\/li>\n<li>&#8222;Das Gr\u00fcne Klassenzimmer&#8220;\u00a0 &#8211; Zw\u00f6lf gro\u00dfe B\u00e4ume als Projekt der Regionale 2004<\/li>\n<li>Bienenhaus<\/li>\n<li>Bauerngarten (wird renoviert )<\/li>\n<\/ul>\n<p><strong>Natur- und Erlebnispfad<\/strong><\/p>\n<p>2009 ist durch eine gemeinsame Aktion von BDKJ, Messdienern, Pfadfindern und der Landjugend auf dem Gel\u00e4nde ein umfangreicher Natur- und Erlebnispfad angelegt worden. Unter anderem sind 14 Schautafeln aufgestellt worden, die von Sendenhorster Vereinen, den Schulen und Kinderg\u00e4rten gestaltet wurden.<\/p>\n<p><strong>Aktuell sind folgende Infotafeln und Erlebnisinseln vorhanden <\/strong>(Stand 2023)<strong>:<\/strong><\/p>\n<ul>\n<li>\u00dcbersichtskarten des Gel\u00e4ndes an den \u00f6stlichen und westlichen Eing\u00e4ngen &#8211; NFG<\/li>\n<li>Der Hof Schmetkamp<\/li>\n<li>Sonnenuhr (2022 wieder entdeckt und freigeschnitten am SocialDay)<\/li>\n<li>Die Honigbiene <strong>*<\/strong><\/li>\n<li>Insektenhaus<\/li>\n<li>Holzpendel<\/li>\n<li>Kita Montessorie<\/li>\n<li>Kita Stoppelhopser<\/li>\n<li>Kita St. Marien<\/li>\n<li>Kardinal von Galen Grundschule<\/li>\n<li>Liste einiger Obstsorten an der Apfelallee &#8211; NFG<\/li>\n<li>So lange k\u00e4mpft der Wald mit Abfall &#8211; NFG<\/li>\n<li>Stelltafel Johannisbr\u00fcder<\/li>\n<li>Stelltafel Allg. Sch\u00fctzenverein (wird renoviert)<\/li>\n<li>Stelltafel Heimatverein (wird renoviert)<\/li>\n<li>Das Gradnetz der Erde &#8211; Realschule St. Martin<\/li>\n<li>Klima geht uns alle an &#8211; BUND<\/li>\n<li>Die 72-Stundenaktion &#8211; Pfadfinder\/Messdiener 2009<\/li>\n<li>Landwirtschaft entdecken: unsere Getreide<\/li>\n<li>Radwegenetz Sendenhorst &#8211; CDU<\/li>\n<li>Gr\u00fcne Klassenzimmer mit benachbarten Holzliegen<\/li>\n<li>Balancierparkur<\/li>\n<\/ul>\n<p><strong>*<\/strong> Die Tafel am Bienenhaus wurde im Sommer 2018 erstellt. Sie zeigt ein Poster des Deutschen Imkerbundes e.V. zur Honigbiene. Das Originalposter &#8211; verbunden mit Arbeitsbl\u00e4ttern &#8211; k\u00f6nnen Sie <a href=\"https:\/\/deutscherimkerbund.de\/userfiles\/Kinder_Jugendseite\/Bienen_Extras\/ima_poster_biene.pdf\" target=\"_blank\" rel=\"noopener noreferrer\">hier<\/a> herunterladen.<\/p>\n<div class=\"rl-gallery-container splide rl-loading\" id=\"rl-gallery-container-1\" data-gallery_id=\"239\"> <div class=\"rl-gallery rl-basicslider-gallery splide__track rl-hover-icon-2\" id=\"rl-gallery-1\" data-gallery_no=\"1\"> <ul class=\"splide__list\"> <li class=\"rl-gallery-item splide__slide\" data-thumb=\"https:\/\/nfg-sendenhorst.de\/wp-content\/uploads\/2018\/12\/Honigbiene_Tafel-300x212.jpg\"> <a href=\"https:\/\/nfg-sendenhorst.de\/wp-content\/uploads\/2018\/12\/Honigbiene_Tafel.jpg\" title=\"\" data-rl_title=\"\" class=\"rl-gallery-link\" data-rl_caption=\"\" data-rel=\"lightbox-gallery-1\"><img loading=\"lazy\" decoding=\"async\" src=\"https:\/\/nfg-sendenhorst.de\/wp-content\/uploads\/2018\/12\/Honigbiene_Tafel-300x212.jpg\" width=\"300\" height=\"212\" alt=\"\" \/><\/a> <\/li> <\/ul> <\/div> <\/div>\n","protected":false},"excerpt":{"rendered":"<p>Hof Schmetkamp f\u00fcr die \u00dcbersichtskarte Hof Schmetkamp mit Sch\u00fctzen-B\u00fcrgerwald bitte hier anklicken \u00a0 Das Gel\u00e4nde rund um den ehemaligen Bauernhof der Familie Schmetkamp ist nach einem Konzept, das ab 1993 im Rahmen einer Arbeitsgemeinschaft der NFG\u00a0 in Zusammenarbeit mit der Stadtverwaltung und dem Biologen Christoph Laumann entwickelt worden ist, gestaltet worden. Der Rat der Stadt &hellip; <\/p>\n<p class=\"link-more\"><a href=\"https:\/\/nfg-sendenhorst.de\/?page_id=100\" class=\"more-link\"><span class=\"screen-reader-text\">\u201eHof Schmetkamp\u201c <\/span>weiterlesen<\/a><\/p>\n","protected":false},"author":1,"featured_media":0,"parent":0,"menu_order":3,"comment_status":"closed","ping_status":"closed","template":"","meta":{"footnotes":""},"class_list":["post-100","page","type-page","status-publish","hentry"],"_links":{"self":[{"href":"https:\/\/nfg-sendenhorst.de\/index.php?rest_route=\/wp\/v2\/pages\/100","targetHints":{"allow":["GET"]}}],"collection":[{"href":"https:\/\/nfg-sendenhorst.de\/index.php?rest_route=\/wp\/v2\/pages"}],"about":[{"href":"https:\/\/nfg-sendenhorst.de\/index.php?rest_route=\/wp\/v2\/types\/page"}],"author":[{"embeddable":true,"href":"https:\/\/nfg-sendenhorst.de\/index.php?rest_route=\/wp\/v2\/users\/1"}],"replies":[{"embeddable":true,"href":"https:\/\/nfg-sendenhorst.de\/index.php?rest_route=%2Fwp%2Fv2%2Fcomments&post=100"}],"version-history":[{"count":0,"href":"https:\/\/nfg-sendenhorst.de\/index.php?rest_route=\/wp\/v2\/pages\/100\/revisions"}],"wp:attachment":[{"href":"https:\/\/nfg-sendenhorst.de\/index.php?rest_route=%2Fwp%2Fv2%2Fmedia&parent=100"}],"curies":[{"name":"wp","href":"https:\/\/api.w.org\/{rel}","templated":true}]}}