{"id":113,"date":"2018-05-16T16:47:15","date_gmt":"2018-05-16T14:47:15","guid":{"rendered":"http:\/\/nfg-sendenhorst.de\/?page_id=113"},"modified":"2021-06-03T16:22:59","modified_gmt":"2021-06-03T14:22:59","slug":"links","status":"publish","type":"page","link":"https:\/\/nfg-sendenhorst.de\/?page_id=113","title":{"rendered":"Links"},"content":{"rendered":"<p><strong>Institutionen im Bereich Naturschutz<\/strong><\/p>\n<p><a href=\"https:\/\/www.bfn.de\/\" target=\"_blank\" rel=\"noopener\">Bundesamt f\u00fcr Naturschutz (BfN)<\/a><\/p>\n<p><a href=\"https:\/\/www.lanuv.nrw.de\/\" target=\"_blank\" rel=\"noopener\">Landesamt f\u00fcr Natur, Umwelt und Verbraucherschutz Nordrhein-Westfalen (LANUV)<\/a><\/p>\n<p><a href=\"http:\/\/www.bezreg-muenster.nrw.de\/de\/umwelt_und_natur\/index.html\" target=\"_blank\" rel=\"noopener\">Bezirksregierung M\u00fcnster (Bereich Umwelt und Natur)<\/a><\/p>\n<p><a href=\"https:\/\/www.umweltbildung.de\/startseite.html\" target=\"_blank\" rel=\"noopener\">Arbeitsgemeinschaft Natur und Umweltbildung<\/a><\/p>\n<p><a href=\"http:\/\/www.biostationen-nrw.com\/\" target=\"_blank\" rel=\"noopener\">Dachverband Biologische Stationen NRW<\/a><\/p>\n<p><a href=\"http:\/\/www.lnu-nrw.de\/\" target=\"_blank\" rel=\"noopener\">Landesgemeinschaft Naturschutz und Umwelt Nordrhein-Westfalen e.V. (LNU)<\/a><\/p>\n<p><a href=\"http:\/\/www.nw-ornithologen.de\" target=\"_blank\" rel=\"noopener noreferrer\">Nordrhein-Westf\u00e4lische Ornithologengesellschaft e.V.<\/a><\/p>\n<p><a href=\"http:\/\/www.nabu-naturschutzstation-muensterland.de\/\" target=\"_blank\" rel=\"noopener\">NABU-Naturschutzstation M\u00fcnsterland e.V.<\/a><\/p>\n<p><a href=\"https:\/\/www.nabu-waf.de\/\" target=\"_blank\" rel=\"noopener\">NABU Kreisverband Warendorf e.V.<\/a><\/p>\n<p><a href=\"http:\/\/www.nrw-stiftung.de\/\" target=\"_blank\" rel=\"noopener\">Nordrhein-Westfalen-Stiftung Naturschutz, Heimat- und Kulturpflege<\/a><\/p>\n<p><a href=\"https:\/\/www.umweltrat.de\/\" target=\"_blank\" rel=\"noopener\">Sachverst\u00e4ndigenrat f\u00fcr Umweltfragen (SRU)<\/a><\/p>\n<p><a href=\"http:\/\/www.naturschutzgeschichte.de\/\" target=\"_blank\" rel=\"noopener\">Stiftung Naturschutzgeschichte<\/a><\/p>\n<p><a href=\"https:\/\/www.umweltbundesamt.de\/\" target=\"_blank\" rel=\"noopener\">Umweltbundesamt (UBA)<\/a><\/p>\n<p><a href=\"https:\/\/www.undekade-biologischevielfalt.de\/\" target=\"_blank\" rel=\"noopener noreferrer\">UN-Dekade Biologische Vielfalt<\/a><\/p>\n<p><a href=\"https:\/\/www.dnr.de\/\" target=\"_blank\" rel=\"noopener noreferrer\">Deutscher Naturschutzring <\/a><\/p>\n<p><a href=\"https:\/\/www.deutscher-naturschutztag.de\/\" target=\"_blank\" rel=\"noopener noreferrer\">Deutscher Naturschutztag<\/a><\/p>\n<p><a href=\"https:\/\/www.lpv.de\/\" target=\"_blank\" rel=\"noopener noreferrer\">Deutscher Verband f\u00fcr Landschaftspflege<\/a><\/p>\n<p><a href=\"https:\/\/www.dda-web.de\/\" target=\"_blank\" rel=\"noopener noreferrer\">Dachverband Deutscher Avifaunisten<\/a><\/p>\n<p><a href=\"https:\/\/www.netzwerk-laendlicher-raum.de\/\" target=\"_blank\" rel=\"noopener noreferrer\">Deutsche Vernetzungsstelle L\u00e4ndliche R\u00e4ume<\/a><\/p>\n<p><a href=\"https:\/\/deutscherimkerbund.de\/2-Willkommen\" target=\"_blank\" rel=\"noopener noreferrer\">Deutscher Imkerbund e.V. <\/a><\/p>\n<p><a href=\"https:\/\/www.pomologen-verein.de\/index.html\" target=\"_blank\" rel=\"noopener noreferrer\">Pomologen-Verein e.V.<\/a><\/p>\n<p><a href=\"https:\/\/www.schuetzenfest-sendenhorst.de\/schuetzenwald\/baum-spenden.html\" target=\"_blank\" rel=\"noopener noreferrer\"><strong>Baumspenden<\/strong><\/a><strong> (Aktion des Allgemeinen Sch\u00fctzenvereins St. Martinus)<\/strong><\/p>\n\n\n<p><\/p>\n","protected":false},"excerpt":{"rendered":"<p>Institutionen im Bereich Naturschutz Bundesamt f\u00fcr Naturschutz (BfN) Landesamt f\u00fcr Natur, Umwelt und Verbraucherschutz Nordrhein-Westfalen (LANUV) Bezirksregierung M\u00fcnster (Bereich Umwelt und Natur) Arbeitsgemeinschaft Natur und Umweltbildung Dachverband Biologische Stationen NRW Landesgemeinschaft Naturschutz und Umwelt Nordrhein-Westfalen e.V. (LNU) Nordrhein-Westf\u00e4lische Ornithologengesellschaft e.V. NABU-Naturschutzstation M\u00fcnsterland e.V. NABU Kreisverband Warendorf e.V. Nordrhein-Westfalen-Stiftung Naturschutz, Heimat- und Kulturpflege Sachverst\u00e4ndigenrat f\u00fcr Umweltfragen &hellip; <\/p>\n<p class=\"link-more\"><a href=\"https:\/\/nfg-sendenhorst.de\/?page_id=113\" class=\"more-link\"><span class=\"screen-reader-text\">\u201eLinks\u201c <\/span>weiterlesen<\/a><\/p>\n","protected":false},"author":1,"featured_media":0,"parent":0,"menu_order":0,"comment_status":"closed","ping_status":"closed","template":"","meta":{"footnotes":""},"class_list":["post-113","page","type-page","status-publish","hentry"],"_links":{"self":[{"href":"https:\/\/nfg-sendenhorst.de\/index.php?rest_route=\/wp\/v2\/pages\/113","targetHints":{"allow":["GET"]}}],"collection":[{"href":"https:\/\/nfg-sendenhorst.de\/index.php?rest_route=\/wp\/v2\/pages"}],"about":[{"href":"https:\/\/nfg-sendenhorst.de\/index.php?rest_route=\/wp\/v2\/types\/page"}],"author":[{"embeddable":true,"href":"https:\/\/nfg-sendenhorst.de\/index.php?rest_route=\/wp\/v2\/users\/1"}],"replies":[{"embeddable":true,"href":"https:\/\/nfg-sendenhorst.de\/index.php?rest_route=%2Fwp%2Fv2%2Fcomments&post=113"}],"version-history":[{"count":0,"href":"https:\/\/nfg-sendenhorst.de\/index.php?rest_route=\/wp\/v2\/pages\/113\/revisions"}],"wp:attachment":[{"href":"https:\/\/nfg-sendenhorst.de\/index.php?rest_route=%2Fwp%2Fv2%2Fmedia&parent=113"}],"curies":[{"name":"wp","href":"https:\/\/api.w.org\/{rel}","templated":true}]}}