{"id":1274,"date":"2022-02-18T11:51:33","date_gmt":"2022-02-18T09:51:33","guid":{"rendered":"https:\/\/nfg-sendenhorst.de\/?page_id=1274"},"modified":"2022-02-18T19:32:53","modified_gmt":"2022-02-18T17:32:53","slug":"voegel-im-winter-2022","status":"publish","type":"page","link":"https:\/\/nfg-sendenhorst.de\/?page_id=1274","title":{"rendered":"V\u00f6gel im Winter 2022"},"content":{"rendered":"\n<p>Frau Namuth hat uns dankenswerter Weise erneut Fotos aus dem B\u00fcrgerwald zur Verf\u00fcgung gestellt. Die Aufnahmen mit den heimischen V\u00f6geln sind in diesem Winter entstanden.<\/p>\n\n\n\n<p><code><div class=\"rl-gallery-container rl-loading\" id=\"rl-gallery-container-1\" data-gallery_id=\"1260\"> <div class=\"rl-gallery-description\"><\/div> <div class=\"rl-gallery rl-basicmasonry-gallery rl-hover-icon-2\" id=\"rl-gallery-1\" data-gallery_no=\"1\"> <div class=\"rl-gutter-sizer\"><\/div><div class=\"rl-grid-sizer\"><\/div> <div class=\"rl-gallery-item rl-gallery-item-width-4\" > <div class=\"rl-gallery-item-content\"> <a href=\"https:\/\/nfg-sendenhorst.de\/wp-content\/uploads\/2022\/02\/20210930_0101-Stieglitz..jpg\" title=\"Stieglitz.\" data-rl_title=\"Stieglitz.\" class=\"rl-gallery-link\" data-rl_caption=\"Stieglitz.\" data-rel=\"lightbox-gallery-1\"><img loading=\"lazy\" decoding=\"async\" src=\"https:\/\/nfg-sendenhorst.de\/wp-content\/uploads\/2022\/02\/20210930_0101-Stieglitz.-300x203.jpg\" width=\"300\" height=\"203\" alt=\"\" \/><\/a> <\/div> <\/div> <div class=\"rl-gallery-item\" > <div class=\"rl-gallery-item-content\"> <a href=\"https:\/\/nfg-sendenhorst.de\/wp-content\/uploads\/2022\/02\/20220116_0266-Blaumeise.jpg\" title=\"Blaumeise\" data-rl_title=\"Blaumeise\" class=\"rl-gallery-link\" data-rl_caption=\"Blaumeise\" data-rel=\"lightbox-gallery-1\"><img loading=\"lazy\" decoding=\"async\" src=\"https:\/\/nfg-sendenhorst.de\/wp-content\/uploads\/2022\/02\/20220116_0266-Blaumeise-300x203.jpg\" width=\"300\" height=\"203\" alt=\"\" \/><\/a> <\/div> <\/div> <div class=\"rl-gallery-item\" > <div class=\"rl-gallery-item-content\"> <a href=\"https:\/\/nfg-sendenhorst.de\/wp-content\/uploads\/2022\/02\/20220116_0131.-Kleiber.jpg\" title=\"Kleiber\" data-rl_title=\"Kleiber\" class=\"rl-gallery-link\" data-rl_caption=\"Kleiber\" data-rel=\"lightbox-gallery-1\"><img loading=\"lazy\" decoding=\"async\" src=\"https:\/\/nfg-sendenhorst.de\/wp-content\/uploads\/2022\/02\/20220116_0131.-Kleiber-300x203.jpg\" width=\"300\" height=\"203\" alt=\"\" \/><\/a> <\/div> <\/div> <div class=\"rl-gallery-item\" > <div class=\"rl-gallery-item-content\"> <a href=\"https:\/\/nfg-sendenhorst.de\/wp-content\/uploads\/2022\/02\/20220116_0117-_Sumpfmeise.jpg\" title=\"Sumpfmeise\" data-rl_title=\"Sumpfmeise\" class=\"rl-gallery-link\" data-rl_caption=\"Sumpfmeise\" data-rel=\"lightbox-gallery-1\"><img loading=\"lazy\" decoding=\"async\" src=\"https:\/\/nfg-sendenhorst.de\/wp-content\/uploads\/2022\/02\/20220116_0117-_Sumpfmeise-300x203.jpg\" width=\"300\" height=\"203\" alt=\"\" \/><\/a> <\/div> <\/div> <div class=\"rl-gallery-item\" > <div class=\"rl-gallery-item-content\"> <a href=\"https:\/\/nfg-sendenhorst.de\/wp-content\/uploads\/2022\/02\/20220116_0210-_Rotkehlchen..jpg\" title=\"Rotkehlchen\" data-rl_title=\"Rotkehlchen\" class=\"rl-gallery-link\" data-rl_caption=\"Rotkehlchen\" data-rel=\"lightbox-gallery-1\"><img loading=\"lazy\" decoding=\"async\" src=\"https:\/\/nfg-sendenhorst.de\/wp-content\/uploads\/2022\/02\/20220116_0210-_Rotkehlchen.-300x203.jpg\" width=\"300\" height=\"203\" alt=\"\" \/><\/a> <\/div> <\/div> <div class=\"rl-gallery-item\" > <div class=\"rl-gallery-item-content\"> <a href=\"https:\/\/nfg-sendenhorst.de\/wp-content\/uploads\/2022\/02\/20211226_0086-_Mittelspecht.1600.jpg\" title=\"Mittelspecht\" data-rl_title=\"Mittelspecht\" class=\"rl-gallery-link\" data-rl_caption=\"Mittelspecht\" data-rel=\"lightbox-gallery-1\"><img loading=\"lazy\" decoding=\"async\" src=\"https:\/\/nfg-sendenhorst.de\/wp-content\/uploads\/2022\/02\/20211226_0086-_Mittelspecht.1600-300x203.jpg\" width=\"300\" height=\"203\" alt=\"\" \/><\/a> <\/div> <\/div> <div class=\"rl-gallery-item\" > <div class=\"rl-gallery-item-content\"> <a href=\"https:\/\/nfg-sendenhorst.de\/wp-content\/uploads\/2022\/02\/20220113_1857-Bunt.jpg\" title=\"Buntspecht\" data-rl_title=\"Buntspecht\" class=\"rl-gallery-link\" data-rl_caption=\"Buntspecht\" data-rel=\"lightbox-gallery-1\"><img loading=\"lazy\" decoding=\"async\" src=\"https:\/\/nfg-sendenhorst.de\/wp-content\/uploads\/2022\/02\/20220113_1857-Bunt-300x203.jpg\" width=\"300\" height=\"203\" alt=\"\" \/><\/a> <\/div> <\/div> <div class=\"rl-gallery-item\" > <div class=\"rl-gallery-item-content\"> <a href=\"https:\/\/nfg-sendenhorst.de\/wp-content\/uploads\/2022\/02\/20220108_0390-Eich.jpg\" title=\"Eichelh\u00e4her\" data-rl_title=\"Eichelh\u00e4her\" class=\"rl-gallery-link\" data-rl_caption=\"Eichelh\u00e4her\" data-rel=\"lightbox-gallery-1\"><img loading=\"lazy\" decoding=\"async\" src=\"https:\/\/nfg-sendenhorst.de\/wp-content\/uploads\/2022\/02\/20220108_0390-Eich-300x201.jpg\" width=\"300\" height=\"201\" alt=\"\" \/><\/a> <\/div> <\/div> <div class=\"rl-gallery-item\" > <div class=\"rl-gallery-item-content\"> <a href=\"https:\/\/nfg-sendenhorst.de\/wp-content\/uploads\/2022\/02\/20220108_0400-Eich.jpg\" title=\"Eichelh\u00e4her\" data-rl_title=\"Eichelh\u00e4her\" class=\"rl-gallery-link\" data-rl_caption=\"Eichelh\u00e4her\" data-rel=\"lightbox-gallery-1\"><img loading=\"lazy\" decoding=\"async\" src=\"https:\/\/nfg-sendenhorst.de\/wp-content\/uploads\/2022\/02\/20220108_0400-Eich-300x203.jpg\" width=\"300\" height=\"203\" alt=\"\" \/><\/a> <\/div> <\/div> <div class=\"rl-gallery-item\" > <div class=\"rl-gallery-item-content\"> <a href=\"https:\/\/nfg-sendenhorst.de\/wp-content\/uploads\/2022\/02\/20211029_0585-Stieglitz.jpg\" title=\"Stieglitz\" data-rl_title=\"Stieglitz\" class=\"rl-gallery-link\" data-rl_caption=\"Stieglitz\" data-rel=\"lightbox-gallery-1\"><img loading=\"lazy\" decoding=\"async\" src=\"https:\/\/nfg-sendenhorst.de\/wp-content\/uploads\/2022\/02\/20211029_0585-Stieglitz-300x203.jpg\" width=\"300\" height=\"203\" alt=\"\" \/><\/a> <\/div> <\/div> <div class=\"rl-gallery-item\" > <div class=\"rl-gallery-item-content\"> <a href=\"https:\/\/nfg-sendenhorst.de\/wp-content\/uploads\/2022\/02\/20220106_0660-Maeu.jpg\" title=\"\" data-rl_title=\"\" class=\"rl-gallery-link\" data-rl_caption=\"\" data-rel=\"lightbox-gallery-1\"><img loading=\"lazy\" decoding=\"async\" src=\"https:\/\/nfg-sendenhorst.de\/wp-content\/uploads\/2022\/02\/20220106_0660-Maeu-300x203.jpg\" width=\"300\" height=\"203\" alt=\"\" \/><\/a> <\/div> <\/div> <\/div> <\/div><\/code><\/p>\n","protected":false},"excerpt":{"rendered":"<p>Frau Namuth hat uns dankenswerter Weise erneut Fotos aus dem B\u00fcrgerwald zur Verf\u00fcgung gestellt. Die Aufnahmen mit den heimischen V\u00f6geln sind in diesem Winter entstanden.<\/p>\n","protected":false},"author":1,"featured_media":0,"parent":0,"menu_order":0,"comment_status":"closed","ping_status":"closed","template":"","meta":{"footnotes":""},"class_list":["post-1274","page","type-page","status-publish","hentry"],"_links":{"self":[{"href":"https:\/\/nfg-sendenhorst.de\/index.php?rest_route=\/wp\/v2\/pages\/1274","targetHints":{"allow":["GET"]}}],"collection":[{"href":"https:\/\/nfg-sendenhorst.de\/index.php?rest_route=\/wp\/v2\/pages"}],"about":[{"href":"https:\/\/nfg-sendenhorst.de\/index.php?rest_route=\/wp\/v2\/types\/page"}],"author":[{"embeddable":true,"href":"https:\/\/nfg-sendenhorst.de\/index.php?rest_route=\/wp\/v2\/users\/1"}],"replies":[{"embeddable":true,"href":"https:\/\/nfg-sendenhorst.de\/index.php?rest_route=%2Fwp%2Fv2%2Fcomments&post=1274"}],"version-history":[{"count":0,"href":"https:\/\/nfg-sendenhorst.de\/index.php?rest_route=\/wp\/v2\/pages\/1274\/revisions"}],"wp:attachment":[{"href":"https:\/\/nfg-sendenhorst.de\/index.php?rest_route=%2Fwp%2Fv2%2Fmedia&parent=1274"}],"curies":[{"name":"wp","href":"https:\/\/api.w.org\/{rel}","templated":true}]}}