{"id":2,"date":"2018-03-31T17:00:21","date_gmt":"2018-03-31T15:00:21","guid":{"rendered":"http:\/\/nfg-sendenhorst.de\/?page_id=2"},"modified":"2026-01-19T21:54:21","modified_gmt":"2026-01-19T19:54:21","slug":"sample-page","status":"publish","type":"page","link":"https:\/\/nfg-sendenhorst.de\/","title":{"rendered":"Aktuelles und der Verein NFG"},"content":{"rendered":"\n<p><strong>Der Verein<\/strong><br>Naturf\u00f6rdergesellschaft Sendenhorst e.V. (NFG) wurde 1991 gegr\u00fcndet.<br>Zweck des Vereines ist die F\u00f6rderung des Naturschutzes und der Landschaftspflege im Sinne des Bundesnaturschutzgesetzes und des Landesnaturschutzgesetzes.<br>Der Verein ist selbstlos t\u00e4tig. Er verfolgt ausschlie\u00dflich und unmittelbar gemeinn\u00fctzige und f\u00f6rderungsw\u00fcrdige Zwecke i. S. d. Abschnitts \u201eSteuerbeg\u00fcnstigte Zwecke\u201c der Abgabenordnung; er verfolgt keine eigenwirtschaftlichen Zweck.<br>Er finanziert sich \u00fcber Mitgliedsbeitr\u00e4ge und einen j\u00e4hrlichen Zuschuss der Stadt Sendenhorst.<\/p>\n\n\n\n<p>Interessieren Sie sich f\u00fcr aktuelle oder alte <a href=\"https:\/\/nfg-sendenhorst.de\/?page_id=24\">Projekte?<\/a> Hier werden sie etwas finden.<\/p>\n\n\n\n<p>Die Satzung kann kann <a href=\"https:\/\/nfg-sendenhorst.de\/wp-content\/uploads\/2024\/10\/2021-NFG-Satzung.pdf\">hier<\/a> aufgerufen werden.<\/p>\n\n\n\n<p>Einen Flyer sehen sie <a href=\"https:\/\/nfg-sendenhorst.de\/wp-content\/uploads\/2021\/04\/NFG_Flyer_v2021.pdf\">hier<\/a><\/p>\n\n\n\n<p>Eine Beitrittserkl\u00e4rung finden Sie <a href=\"https:\/\/nfg-sendenhorst.de\/wp-content\/uploads\/2024\/02\/Beitrittserklaerung-1.pdf\">hier<\/a><br><\/p>\n\n\n\n<p><\/p>\n","protected":false},"excerpt":{"rendered":"<p>Der VereinNaturf\u00f6rdergesellschaft Sendenhorst e.V. (NFG) wurde 1991 gegr\u00fcndet.Zweck des Vereines ist die F\u00f6rderung des Naturschutzes und der Landschaftspflege im Sinne des Bundesnaturschutzgesetzes und des Landesnaturschutzgesetzes.Der Verein ist selbstlos t\u00e4tig. Er verfolgt ausschlie\u00dflich und unmittelbar gemeinn\u00fctzige und f\u00f6rderungsw\u00fcrdige Zwecke i. S. d. Abschnitts \u201eSteuerbeg\u00fcnstigte Zwecke\u201c der Abgabenordnung; er verfolgt keine eigenwirtschaftlichen Zweck.Er finanziert sich \u00fcber Mitgliedsbeitr\u00e4ge &hellip; <\/p>\n<p class=\"link-more\"><a href=\"https:\/\/nfg-sendenhorst.de\/\" class=\"more-link\"><span class=\"screen-reader-text\">\u201eAktuelles und der Verein NFG\u201c <\/span>weiterlesen<\/a><\/p>\n","protected":false},"author":1,"featured_media":0,"parent":0,"menu_order":0,"comment_status":"closed","ping_status":"open","template":"","meta":{"footnotes":""},"class_list":["post-2","page","type-page","status-publish","hentry"],"_links":{"self":[{"href":"https:\/\/nfg-sendenhorst.de\/index.php?rest_route=\/wp\/v2\/pages\/2","targetHints":{"allow":["GET"]}}],"collection":[{"href":"https:\/\/nfg-sendenhorst.de\/index.php?rest_route=\/wp\/v2\/pages"}],"about":[{"href":"https:\/\/nfg-sendenhorst.de\/index.php?rest_route=\/wp\/v2\/types\/page"}],"author":[{"embeddable":true,"href":"https:\/\/nfg-sendenhorst.de\/index.php?rest_route=\/wp\/v2\/users\/1"}],"replies":[{"embeddable":true,"href":"https:\/\/nfg-sendenhorst.de\/index.php?rest_route=%2Fwp%2Fv2%2Fcomments&post=2"}],"version-history":[{"count":0,"href":"https:\/\/nfg-sendenhorst.de\/index.php?rest_route=\/wp\/v2\/pages\/2\/revisions"}],"wp:attachment":[{"href":"https:\/\/nfg-sendenhorst.de\/index.php?rest_route=%2Fwp%2Fv2%2Fmedia&parent=2"}],"curies":[{"name":"wp","href":"https:\/\/api.w.org\/{rel}","templated":true}]}}