{"id":23,"date":"2018-03-31T23:26:25","date_gmt":"2018-03-31T21:26:25","guid":{"rendered":"http:\/\/nfg-sendenhorst.de\/?page_id=23"},"modified":"2025-08-08T14:30:25","modified_gmt":"2025-08-08T12:30:25","slug":"kontakt","status":"publish","type":"page","link":"https:\/\/nfg-sendenhorst.de\/?page_id=23","title":{"rendered":"Kontakt"},"content":{"rendered":"<h4><strong>Sie haben Anregungen? Sie w\u00fcnschen Informationen? Sie m\u00f6chten sich beteiligen? Bitte sprechen Sie uns an.<\/strong><\/h4>\n<p>Ihre Ansprechpartner\/innen:<\/p>\n<ul>\n<li>Vorsitzende: B\u00fcrgermeisterin Katrin Reuscher<\/li>\n<li>Gesch\u00e4ftsf\u00fchrer: Rolf L\u00f6ckmann (rolf.loeckmann@nfg-sendenhorst.de)<\/li>\n<li>Stellv. Gesch\u00e4ftsf\u00fchrer: Ludger Voges<\/li>\n<li>Schriftf\u00fchrerin: Beatrice Kromp-Steiling<\/li>\n<li>Kassiererin: Edith Harig<\/li>\n<\/ul>\n<p>Allgemein: info@nfg-sendenhorst.de<\/p>\n<p>Flyer der NFG zum <a href=\"https:\/\/nfg-sendenhorst.de\/wp-content\/uploads\/2019\/06\/NFG_Flyer_v2019.pdf\" target=\"_blank\" rel=\"noopener noreferrer\">herunterladen<\/a>.<\/p>\n","protected":false},"excerpt":{"rendered":"<p>Sie haben Anregungen? Sie w\u00fcnschen Informationen? Sie m\u00f6chten sich beteiligen? Bitte sprechen Sie uns an. Ihre Ansprechpartner\/innen: Vorsitzende: B\u00fcrgermeisterin Katrin Reuscher Gesch\u00e4ftsf\u00fchrer: Rolf L\u00f6ckmann (rolf.loeckmann@nfg-sendenhorst.de) Stellv. Gesch\u00e4ftsf\u00fchrer: Ludger Voges Schriftf\u00fchrerin: Beatrice Kromp-Steiling Kassiererin: Edith Harig Allgemein: info@nfg-sendenhorst.de Flyer der NFG zum herunterladen.<\/p>\n","protected":false},"author":1,"featured_media":0,"parent":0,"menu_order":0,"comment_status":"closed","ping_status":"closed","template":"","meta":{"footnotes":""},"class_list":["post-23","page","type-page","status-publish","hentry"],"_links":{"self":[{"href":"https:\/\/nfg-sendenhorst.de\/index.php?rest_route=\/wp\/v2\/pages\/23","targetHints":{"allow":["GET"]}}],"collection":[{"href":"https:\/\/nfg-sendenhorst.de\/index.php?rest_route=\/wp\/v2\/pages"}],"about":[{"href":"https:\/\/nfg-sendenhorst.de\/index.php?rest_route=\/wp\/v2\/types\/page"}],"author":[{"embeddable":true,"href":"https:\/\/nfg-sendenhorst.de\/index.php?rest_route=\/wp\/v2\/users\/1"}],"replies":[{"embeddable":true,"href":"https:\/\/nfg-sendenhorst.de\/index.php?rest_route=%2Fwp%2Fv2%2Fcomments&post=23"}],"version-history":[{"count":0,"href":"https:\/\/nfg-sendenhorst.de\/index.php?rest_route=\/wp\/v2\/pages\/23\/revisions"}],"wp:attachment":[{"href":"https:\/\/nfg-sendenhorst.de\/index.php?rest_route=%2Fwp%2Fv2%2Fmedia&parent=23"}],"curies":[{"name":"wp","href":"https:\/\/api.w.org\/{rel}","templated":true}]}}